{"id":398,"date":"2022-01-06T10:23:56","date_gmt":"2022-01-06T09:23:56","guid":{"rendered":"https:\/\/sorare-explained.de\/?page_id=398"},"modified":"2023-09-26T15:46:21","modified_gmt":"2023-09-26T13:46:21","slug":"gameplay","status":"publish","type":"page","link":"https:\/\/sorare-explained.com\/de\/gameplay\/","title":{"rendered":"Gameplay"},"content":{"rendered":"<p>[et_pb_section fb_built=&#8220;1&#8243; _builder_version=&#8220;4.21.0&#8243; _module_preset=&#8220;default&#8220; custom_padding=&#8220;||200px||false|false&#8220; global_colors_info=&#8220;{}&#8220;][et_pb_row _builder_version=&#8220;4.22.2&#8243; _module_preset=&#8220;default&#8220; width=&#8220;40%&#8220; width_tablet=&#8220;80%&#8220; width_phone=&#8220;90%&#8220; width_last_edited=&#8220;on|desktop&#8220; global_colors_info=&#8220;{}&#8220;][et_pb_column type=&#8220;4_4&#8243; _builder_version=&#8220;4.16&#8243; _module_preset=&#8220;default&#8220; global_colors_info=&#8220;{}&#8220;][et_pb_text _builder_version=&#8220;4.22.2&#8243; _module_preset=&#8220;default&#8220; header_font=&#8220;|||||on|||&#8220; header_text_align=&#8220;center&#8220; header_font_size=&#8220;60px&#8220; header_letter_spacing=&#8220;4px&#8220; custom_padding=&#8220;||50px||false|false&#8220; global_colors_info=&#8220;{}&#8220;]<\/p>\n<h1 style=\"text-align: center;\">Gameplay<\/h1>\n<p>[\/et_pb_text][et_pb_text _builder_version=&#8220;4.22.2&#8243; _module_preset=&#8220;default&#8220; header_2_font=&#8220;|||||on|||&#8220; header_2_font_size=&#8220;30px&#8220; header_2_letter_spacing=&#8220;1px&#8220; header_2_line_height=&#8220;1.3em&#8220; width=&#8220;90%&#8220; module_alignment=&#8220;center&#8220; custom_padding=&#8220;||50px||false|false&#8220; hover_enabled=&#8220;0&#8243; global_colors_info=&#8220;{}&#8220; sticky_enabled=&#8220;0&#8243;]<\/p>\n<p style=\"text-align: center;\">Erfolgreich Sorare spielen leicht gemacht &#8211; hier gibts das n\u00f6tige Gameplay-Knowhow<\/p>\n<p>[\/et_pb_text][et_pb_text _builder_version=&#8220;4.22.2&#8243; _module_preset=&#8220;default&#8220; header_2_font=&#8220;|||||on|||&#8220; header_2_text_align=&#8220;center&#8220; global_colors_info=&#8220;{}&#8220;]<\/p>\n<h2>Der Sorare Einstieg<\/h2>\n<p>[\/et_pb_text][et_pb_text _builder_version=&#8220;4.22.2&#8243; _module_preset=&#8220;default&#8220; custom_margin=&#8220;||100px||false|false&#8220; custom_padding=&#8220;||||false|false&#8220; hover_enabled=&#8220;0&#8243; global_colors_info=&#8220;{}&#8220; sticky_enabled=&#8220;0&#8243;]<\/p>\n<p>Der Einstieg bei Sorare soll dir so leicht wie m\u00f6glich fallen. Du kannst hier vorab schon mal einen Blick in das Gameplay werfen und herausfinden, wie die ersten Schritte aussehen.<\/p>\n<p>Damit wei\u00dft du was auf dich zukommt, welche Aktionen im Spiel wann auszuf\u00fchren sind und wie sie ablaufen. So findest du dich von Anfang an einfach zurecht und findest dich direkt in der Erfolgsspur zum Durchstarten wieder!<\/p>\n<p>Nat\u00fcrlich steht zuerst einmal die <a href=\"https:\/\/sorare.pxf.io\/all\" rel=\"nofollow noopener\" target=\"_blank\">Anmeldung bei Sorare<\/a> an. Du kannst dir ganz einfach kostenlos mit deiner eMail-Adresse einen Account anlegen.<\/p>\n<p>Sobald du deinen Account angelegt hast, bist du eigentlich auch schon startklar, denn es gibt Wettbewerbe mit kostenlosen Karten, die du direkt einsetzen kannst.<\/p>\n<p>Zudem gibt es auch weitere Wettbewerbe mit NFT-Sammelkarten, die du zuerst im Spiel erwerben musst. In diesen Wettbewerben geht es dann um echtes Preisgeld!<\/p>\n<p>Die Sammelkarten sind Blockchain basierte NFTs und direkt im Spiel erh\u00e4ltlich. Sobald du eine Karte kaufst, ist sie dein Eigentum! Du kannst ab sofort mit ihr machen, was du f\u00fcr richtig h\u00e4ltst: mit der <a href=\"#karten-handeln\">Karte handeln<\/a> oder sie zwecks Wertsteigerung einfach behalten.<\/p>\n<p>Um eine solche Sammelkarte zu ergattern, ben\u00f6tgst du Geld. Du kannst eine <a href=\"#einzahlung\">Einzahlung<\/a> vornehmen und damit dein Spielkonto f\u00fcllen oder du kannst direkt per Kreditkarte zahlen.<\/p>\n<p>Es wird je nach Sportart eine bestimmte Anzahl an Karten ben\u00f6tigt, um eine Aufstellung f\u00fcr einen Wettbewerb machen zu k\u00f6nnen.<\/p>\n<p>[\/et_pb_text][et_pb_text _builder_version=&#8220;4.22.2&#8243; _module_preset=&#8220;default&#8220; header_2_font=&#8220;|||||on|||&#8220; header_2_text_align=&#8220;center&#8220; hover_enabled=&#8220;0&#8243; global_colors_info=&#8220;{}&#8220; module_id=&#8220;anmeldung&#8220; sticky_enabled=&#8220;0&#8243;]<\/p>\n<h2>Die Sorare Anmeldung<\/h2>\n<p>[\/et_pb_text][et_pb_text _builder_version=&#8220;4.22.2&#8243; _module_preset=&#8220;default&#8220; custom_margin=&#8220;||50px||false|false&#8220; hover_enabled=&#8220;0&#8243; global_colors_info=&#8220;{}&#8220; sticky_enabled=&#8220;0&#8243;]<\/p>\n<p>Zu allererst musst du dich nat\u00fcrlich bei Sorare anmelden, um \u00fcberhaupt Sorare spielen zu k\u00f6nnen &#8211; das kannst du direkt jetzt schon <a href=\"https:\/\/sorare.pxf.io\/all\" rel=\"nofollow noopener\" target=\"_blank\">hier<\/a> machen!<\/p>\n<p>Die Anmeldung ist f\u00fcr dich dabei v\u00f6llig <strong>kostenlos<\/strong>!<\/p>\n<p>Damit du gleich von Anfang an einen gro\u00dfen Vorteil gegen\u00fcber anderen Managern hast und dadurch einen Weltklasse-Start hinlegen kannst, habe ich f\u00fcr dich hier sogar einen<strong> BONUS<\/strong>:<\/p>\n<p>[\/et_pb_text][et_pb_text _builder_version=&#8220;4.22.2&#8243; _module_preset=&#8220;default&#8220; custom_margin=&#8220;|50px|50px|50px|false|true&#8220; hover_enabled=&#8220;0&#8243; global_colors_info=&#8220;{}&#8220; sticky_enabled=&#8220;0&#8243;]<\/p>\n<p style=\"text-align: center;\"><em>Sobald du im Spiel f\u00fcnf Karten ersteigert hast &#8211; so viele brauchst du mindestens, um an einem Wettbewerb im Fussball teilzunehmen &#8211; bekommst du eine &#8222;seltene Karte&#8220; geschenkt, die im ganzen Spiel nur 100x verf\u00fcgbar ist. Mit ein bisschen Gl\u00fcck ist diese Karte direkt mehrere hundert Euro wert!<\/em><\/p>\n<p>[\/et_pb_text][et_pb_text _builder_version=&#8220;4.22.2&#8243; _module_preset=&#8220;default&#8220; custom_margin=&#8220;||50px||false|false&#8220; global_colors_info=&#8220;{}&#8220;]<\/p>\n<p>Damit du den Vorteil gegen\u00fcber anderen Managern direkt in Anspruch nehmen kannst, musst du nichts weiter tun, als nur auf den folgenden Button zu klicken und dich dann auf der Seite von Sorare anmelden!<\/p>\n<p>[\/et_pb_text][et_pb_button button_url=&#8220;https:\/\/sorare.pxf.io\/all&#8220; button_text=&#8220;Jetzt anmelden und %22seltene Karte%22 geschenkt bekommen!&#8220; button_alignment=&#8220;center&#8220; _builder_version=&#8220;4.22.2&#8243; _module_preset=&#8220;default&#8220; custom_button=&#8220;on&#8220; button_text_color=&#8220;#000247&#8243; button_bg_color=&#8220;#64FF60&#8243; button_border_width=&#8220;3px&#8220; button_border_color=&#8220;#000247&#8243; button_border_radius=&#8220;10px&#8220; button_letter_spacing=&#8220;1px&#8220; button_font=&#8220;|800||||on|||&#8220; button_use_icon=&#8220;off&#8220; custom_margin=&#8220;|50px|100px|50px|false|false&#8220; hover_enabled=&#8220;0&#8243; global_colors_info=&#8220;{}&#8220; sticky_enabled=&#8220;0&#8243;][\/et_pb_button][et_pb_text _builder_version=&#8220;4.22.2&#8243; _module_preset=&#8220;default&#8220; header_2_font=&#8220;|||||on|||&#8220; header_2_text_align=&#8220;center&#8220; hover_enabled=&#8220;0&#8243; global_colors_info=&#8220;{}&#8220; module_id=&#8220;karten-handeln&#8220; sticky_enabled=&#8220;0&#8243;]<\/p>\n<h2>Sorare Karten handeln<\/h2>\n<p>[\/et_pb_text][et_pb_text _builder_version=&#8220;4.22.2&#8243; _module_preset=&#8220;default&#8220; custom_margin=&#8220;||100px||false|false&#8220; hover_enabled=&#8220;0&#8243; global_colors_info=&#8220;{}&#8220; sticky_enabled=&#8220;0&#8243;]<\/p>\n<p>Nachdem du dich angemeldet hast, kannst du auch schon direkt loslegen. Neben den kostenlosen &#8222;Amateur&#8220;-Ligen gibt es die eigentlichen Sorare Wettbewerbe. Bei diesen kannst du deine Teams nach deinen eigenen Vorstellungen aufstellen. Dabei musst du jedoch die jeweils geltenden Voraussetzungen je Wettbewerb beachten, wie z. B. dass nur Spieler aus einer bestimmten Liga zul\u00e4ssig sind.<\/p>\n<p>Um dein passendes Dream-Team zusammenstellen zu k\u00f6nnen, brauchst du die jeweiligen Sammelkarten deiner Lieblings-Spieler. Diese Karten kannst du im Spiel sammeln. Entweder du ersteigerst die Karten auf der Spielerb\u00f6rse oder du handelst mit anderen Managern direkt und kaufst ihnen die Karten ab oder tauschst sie gegen welche, die du bereits besitzt. Es liegt an dir, welche Strategie du w\u00e4hlst!<\/p>\n<p>[\/et_pb_text][et_pb_text _builder_version=&#8220;4.22.2&#8243; _module_preset=&#8220;default&#8220; header_2_font=&#8220;|||||on|||&#8220; header_2_text_align=&#8220;center&#8220; hover_enabled=&#8220;0&#8243; global_colors_info=&#8220;{}&#8220; module_id=&#8220;einzahlung&#8220; sticky_enabled=&#8220;0&#8243;]<\/p>\n<h2>Die Sorare Einzahlung<\/h2>\n<p>[\/et_pb_text][et_pb_text _builder_version=&#8220;4.22.2&#8243; _module_preset=&#8220;default&#8220; global_colors_info=&#8220;{}&#8220;]<\/p>\n<p>Damit du \u00fcberhaupt Karten ersteigern oder handeln kannst, musst du zuerst Geld auf dein Spielkonto einzahlen. Es besteht die M\u00f6glichkeit, Euro in Ethereum umzuwandeln und mit der Wallet im Spiel zu bezahlen oder du kannst direkt Karten \u00fcber die Kreditkarte kaufen. Die Entscheidung liegt bei dir!<\/p>\n<p>[\/et_pb_text][\/et_pb_column][\/et_pb_row][\/et_pb_section][et_pb_section fb_built=&#8220;1&#8243; disabled_on=&#8220;on|on|on&#8220; _builder_version=&#8220;4.16&#8243; _module_preset=&#8220;default&#8220; disabled=&#8220;on&#8220; global_colors_info=&#8220;{}&#8220;][et_pb_row _builder_version=&#8220;4.17.1&#8243; _module_preset=&#8220;default&#8220; custom_padding=&#8220;||0px||false|false&#8220; global_colors_info=&#8220;{}&#8220;][et_pb_column type=&#8220;4_4&#8243; _builder_version=&#8220;4.16&#8243; _module_preset=&#8220;default&#8220; global_colors_info=&#8220;{}&#8220;][et_pb_text _builder_version=&#8220;4.16&#8243; _module_preset=&#8220;default&#8220; header_2_font=&#8220;|||||on|||&#8220; global_colors_info=&#8220;{}&#8220;]<\/p>\n<h2 style=\"text-align: center;\">Die einzelnen Gameplay-Bereiche in der \u00dcbersicht<\/h2>\n<p>[\/et_pb_text][et_pb_text admin_label=&#8220;Erste Schritte&#8220; _builder_version=&#8220;4.21.0&#8243; _module_preset=&#8220;default&#8220; header_3_font=&#8220;|||||on|||&#8220; custom_margin=&#8220;50px||||false|false&#8220; custom_padding=&#8220;20px||||false|false&#8220; global_colors_info=&#8220;{}&#8220;]<\/p>\n<h3 style=\"text-align: center;\">Die ersten Schritte<\/h3>\n<p>[\/et_pb_text][\/et_pb_column][\/et_pb_row][et_pb_row column_structure=&#8220;1_4,1_4,1_4,1_4&#8243; _builder_version=&#8220;4.16&#8243; _module_preset=&#8220;default&#8220; global_colors_info=&#8220;{}&#8220;][et_pb_column type=&#8220;1_4&#8243; _builder_version=&#8220;4.16&#8243; _module_preset=&#8220;default&#8220; global_colors_info=&#8220;{}&#8220;][et_pb_blurb title=&#8220;Lege deinen Account an!&#8220; image=&#8220;https:\/\/sorare-explained.com\/wp-content\/uploads\/2022\/02\/Signup.jpg&#8220; alt=&#8220;Sorare Account erstellen&#8220; _builder_version=&#8220;4.17.1&#8243; _module_preset=&#8220;default&#8220; link_option_url=&#8220;https:\/\/sorare-explained.com\/sorare-erste-schritte\/#account&#8220; global_colors_info=&#8220;{}&#8220;]<\/p>\n<p>Hier wird dir erkl\u00e4rt, wie du deinen eigenen Account bei Sorare anlegst und wie du ihn f\u00fcr das Spiel nutzt.<\/p>\n<p>[\/et_pb_blurb][\/et_pb_column][et_pb_column type=&#8220;1_4&#8243; _builder_version=&#8220;4.16&#8243; _module_preset=&#8220;default&#8220; global_colors_info=&#8220;{}&#8220;][et_pb_blurb title=&#8220;Verstehe die Sammelkarten!&#8220; image=&#8220;https:\/\/sorare-explained.com\/wp-content\/uploads\/2022\/04\/Sammelkarten.jpg&#8220; alt=&#8220;\u00dcbersicht Sorare Sammelkarten&#8220; _builder_version=&#8220;4.17.1&#8243; _module_preset=&#8220;default&#8220; link_option_url=&#8220;https:\/\/sorare-explained.com\/sorare-erste-schritte\/#sammelkarten&#8220; global_colors_info=&#8220;{}&#8220;]<\/p>\n<p>Hier wird dir erkl\u00e4rt, was die ganzen Zahlen und Werte auf den Sammelkarten zu bedeuten haben.<\/p>\n<p>[\/et_pb_blurb][\/et_pb_column][et_pb_column type=&#8220;1_4&#8243; _builder_version=&#8220;4.16&#8243; _module_preset=&#8220;default&#8220; global_colors_info=&#8220;{}&#8220;][et_pb_blurb title=&#8220;Mache deine erste Aufstellung!&#8220; image=&#8220;https:\/\/sorare-explained.com\/wp-content\/uploads\/2022\/04\/Aufstellung_machen.jpg&#8220; alt=&#8220;Aufstellung f\u00fcr Sorare machen&#8220; _builder_version=&#8220;4.19.5&#8243; _module_preset=&#8220;default&#8220; link_option_url=&#8220;https:\/\/sorare-explained.com\/sorare-erste-schritte\/#aufstellung&#8220; global_colors_info=&#8220;{}&#8220;]<\/p>\n<p>Hier wird dir erkl\u00e4rt, wie du deine erste Aufstellung machst und auf was du dabei achten solltest!<\/p>\n<p>[\/et_pb_blurb][\/et_pb_column][et_pb_column type=&#8220;1_4&#8243; _builder_version=&#8220;4.16&#8243; _module_preset=&#8220;default&#8220; global_colors_info=&#8220;{}&#8220;][et_pb_blurb title=&#8220;Lass deine Spieler trainieren!&#8220; image=&#8220;https:\/\/sorare-explained.com\/wp-content\/uploads\/2022\/04\/Aufstellung_Training_machen.jpg&#8220; alt=&#8220;Aufstellung f\u00fcr Training bei Sorare&#8220; _builder_version=&#8220;4.17.1&#8243; _module_preset=&#8220;default&#8220; link_option_url=&#8220;https:\/\/sorare-explained.com\/sorare-erste-schritte\/#training&#8220; global_colors_info=&#8220;{}&#8220;]<\/p>\n<p>Hier wird dir erkl\u00e4rt, wie du deine Spieler durch Training verbessern kannst!<\/p>\n<p>[\/et_pb_blurb][\/et_pb_column][\/et_pb_row][et_pb_row disabled_on=&#8220;on|on|on&#8220; _builder_version=&#8220;4.17.1&#8243; _module_preset=&#8220;default&#8220; custom_margin=&#8220;100px||||false|false&#8220; custom_padding=&#8220;||0px||false|false&#8220; disabled=&#8220;on&#8220; locked=&#8220;off&#8220; global_colors_info=&#8220;{}&#8220;][et_pb_column type=&#8220;4_4&#8243; _builder_version=&#8220;4.17.1&#8243; _module_preset=&#8220;default&#8220; global_colors_info=&#8220;{}&#8220;][et_pb_text admin_label=&#8220;Fortgeschritten&#8220; _builder_version=&#8220;4.21.0&#8243; _module_preset=&#8220;default&#8220; header_3_font=&#8220;|||||on|||&#8220; custom_margin=&#8220;||||false|false&#8220; custom_padding=&#8220;20px||||false|false&#8220; global_colors_info=&#8220;{}&#8220;]<\/p>\n<h3 style=\"text-align: center;\">F\u00fcr Sorare Fortgeschrittene<\/h3>\n<p>[\/et_pb_text][\/et_pb_column][\/et_pb_row][et_pb_row column_structure=&#8220;1_4,1_4,1_4,1_4&#8243; disabled_on=&#8220;on|on|on&#8220; _builder_version=&#8220;4.17.1&#8243; _module_preset=&#8220;default&#8220; disabled=&#8220;on&#8220; global_colors_info=&#8220;{}&#8220;][et_pb_column type=&#8220;1_4&#8243; _builder_version=&#8220;4.16&#8243; _module_preset=&#8220;default&#8220; global_colors_info=&#8220;{}&#8220;][et_pb_blurb title=&#8220;Zahle Geld ein!&#8220; image=&#8220;data:image\/svg+xml;base64,PHN2ZyB3aWR0aD0iMTA4MCIgaGVpZ2h0PSI1NDAiIHZpZXdCb3g9IjAgMCAxMDgwIDU0MCIgeG1sbnM9Imh0dHA6Ly93d3cudzMub3JnLzIwMDAvc3ZnIj4KICAgIDxnIGZpbGw9Im5vbmUiIGZpbGwtcnVsZT0iZXZlbm9kZCI+CiAgICAgICAgPHBhdGggZmlsbD0iI0VCRUJFQiIgZD0iTTAgMGgxMDgwdjU0MEgweiIvPgogICAgICAgIDxwYXRoIGQ9Ik00NDUuNjQ5IDU0MGgtOTguOTk1TDE0NC42NDkgMzM3Ljk5NSAwIDQ4Mi42NDR2LTk4Ljk5NWwxMTYuMzY1LTExNi4zNjVjMTUuNjItMTUuNjIgNDAuOTQ3LTE1LjYyIDU2LjU2OCAwTDQ0NS42NSA1NDB6IiBmaWxsLW9wYWNpdHk9Ii4xIiBmaWxsPSIjMDAwIiBmaWxsLXJ1bGU9Im5vbnplcm8iLz4KICAgICAgICA8Y2lyY2xlIGZpbGwtb3BhY2l0eT0iLjA1IiBmaWxsPSIjMDAwIiBjeD0iMzMxIiBjeT0iMTQ4IiByPSI3MCIvPgogICAgICAgIDxwYXRoIGQ9Ik0xMDgwIDM3OXYxMTMuMTM3TDcyOC4xNjIgMTQwLjMgMzI4LjQ2MiA1NDBIMjE1LjMyNEw2OTkuODc4IDU1LjQ0NmMxNS42Mi0xNS42MiA0MC45NDgtMTUuNjIgNTYuNTY4IDBMMTA4MCAzNzl6IiBmaWxsLW9wYWNpdHk9Ii4yIiBmaWxsPSIjMDAwIiBmaWxsLXJ1bGU9Im5vbnplcm8iLz4KICAgIDwvZz4KPC9zdmc+Cg==&#8220; _builder_version=&#8220;4.16&#8243; _module_preset=&#8220;default&#8220; global_colors_info=&#8220;{}&#8220;]<\/p>\n<p>Hier wird dir erkl\u00e4rt, wie du Geld einzahlen kannst, damit du auch mit den handelbaren Sammelkarten spielen kannst.<\/p>\n<p>[\/et_pb_blurb][\/et_pb_column][et_pb_column type=&#8220;1_4&#8243; _builder_version=&#8220;4.16&#8243; _module_preset=&#8220;default&#8220; global_colors_info=&#8220;{}&#8220;][et_pb_blurb title=&#8220;Kaufe deine ersten Spieler!&#8220; image=&#8220;data:image\/svg+xml;base64,PHN2ZyB3aWR0aD0iMTA4MCIgaGVpZ2h0PSI1NDAiIHZpZXdCb3g9IjAgMCAxMDgwIDU0MCIgeG1sbnM9Imh0dHA6Ly93d3cudzMub3JnLzIwMDAvc3ZnIj4KICAgIDxnIGZpbGw9Im5vbmUiIGZpbGwtcnVsZT0iZXZlbm9kZCI+CiAgICAgICAgPHBhdGggZmlsbD0iI0VCRUJFQiIgZD0iTTAgMGgxMDgwdjU0MEgweiIvPgogICAgICAgIDxwYXRoIGQ9Ik00NDUuNjQ5IDU0MGgtOTguOTk1TDE0NC42NDkgMzM3Ljk5NSAwIDQ4Mi42NDR2LTk4Ljk5NWwxMTYuMzY1LTExNi4zNjVjMTUuNjItMTUuNjIgNDAuOTQ3LTE1LjYyIDU2LjU2OCAwTDQ0NS42NSA1NDB6IiBmaWxsLW9wYWNpdHk9Ii4xIiBmaWxsPSIjMDAwIiBmaWxsLXJ1bGU9Im5vbnplcm8iLz4KICAgICAgICA8Y2lyY2xlIGZpbGwtb3BhY2l0eT0iLjA1IiBmaWxsPSIjMDAwIiBjeD0iMzMxIiBjeT0iMTQ4IiByPSI3MCIvPgogICAgICAgIDxwYXRoIGQ9Ik0xMDgwIDM3OXYxMTMuMTM3TDcyOC4xNjIgMTQwLjMgMzI4LjQ2MiA1NDBIMjE1LjMyNEw2OTkuODc4IDU1LjQ0NmMxNS42Mi0xNS42MiA0MC45NDgtMTUuNjIgNTYuNTY4IDBMMTA4MCAzNzl6IiBmaWxsLW9wYWNpdHk9Ii4yIiBmaWxsPSIjMDAwIiBmaWxsLXJ1bGU9Im5vbnplcm8iLz4KICAgIDwvZz4KPC9zdmc+Cg==&#8220; _builder_version=&#8220;4.16&#8243; _module_preset=&#8220;default&#8220; global_colors_info=&#8220;{}&#8220;]<\/p>\n<p>Hier wird dir erkl\u00e4rt, wie du deine ersten Spieler in einer Auktion ersteigerst oder von anderen Managern abkaufst!<\/p>\n<p>[\/et_pb_blurb][\/et_pb_column][et_pb_column type=&#8220;1_4&#8243; _builder_version=&#8220;4.16&#8243; _module_preset=&#8220;default&#8220; global_colors_info=&#8220;{}&#8220;][et_pb_blurb title=&#8220;Verkaufe einen deiner Spieler!&#8220; image=&#8220;data:image\/svg+xml;base64,PHN2ZyB3aWR0aD0iMTA4MCIgaGVpZ2h0PSI1NDAiIHZpZXdCb3g9IjAgMCAxMDgwIDU0MCIgeG1sbnM9Imh0dHA6Ly93d3cudzMub3JnLzIwMDAvc3ZnIj4KICAgIDxnIGZpbGw9Im5vbmUiIGZpbGwtcnVsZT0iZXZlbm9kZCI+CiAgICAgICAgPHBhdGggZmlsbD0iI0VCRUJFQiIgZD0iTTAgMGgxMDgwdjU0MEgweiIvPgogICAgICAgIDxwYXRoIGQ9Ik00NDUuNjQ5IDU0MGgtOTguOTk1TDE0NC42NDkgMzM3Ljk5NSAwIDQ4Mi42NDR2LTk4Ljk5NWwxMTYuMzY1LTExNi4zNjVjMTUuNjItMTUuNjIgNDAuOTQ3LTE1LjYyIDU2LjU2OCAwTDQ0NS42NSA1NDB6IiBmaWxsLW9wYWNpdHk9Ii4xIiBmaWxsPSIjMDAwIiBmaWxsLXJ1bGU9Im5vbnplcm8iLz4KICAgICAgICA8Y2lyY2xlIGZpbGwtb3BhY2l0eT0iLjA1IiBmaWxsPSIjMDAwIiBjeD0iMzMxIiBjeT0iMTQ4IiByPSI3MCIvPgogICAgICAgIDxwYXRoIGQ9Ik0xMDgwIDM3OXYxMTMuMTM3TDcyOC4xNjIgMTQwLjMgMzI4LjQ2MiA1NDBIMjE1LjMyNEw2OTkuODc4IDU1LjQ0NmMxNS42Mi0xNS42MiA0MC45NDgtMTUuNjIgNTYuNTY4IDBMMTA4MCAzNzl6IiBmaWxsLW9wYWNpdHk9Ii4yIiBmaWxsPSIjMDAwIiBmaWxsLXJ1bGU9Im5vbnplcm8iLz4KICAgIDwvZz4KPC9zdmc+Cg==&#8220; _builder_version=&#8220;4.16&#8243; _module_preset=&#8220;default&#8220; global_colors_info=&#8220;{}&#8220;]<\/p>\n<p>Hier wird dir erkl\u00e4rt, wie du deinen ersten Spieler auf dem Marktplatz gewinnbringend verkaufst!<\/p>\n<p>[\/et_pb_blurb][\/et_pb_column][et_pb_column type=&#8220;1_4&#8243; _builder_version=&#8220;4.16&#8243; _module_preset=&#8220;default&#8220; global_colors_info=&#8220;{}&#8220;][et_pb_blurb title=&#8220;Geld verdienen mit Sorare!&#8220; image=&#8220;data:image\/svg+xml;base64,PHN2ZyB3aWR0aD0iMTA4MCIgaGVpZ2h0PSI1NDAiIHZpZXdCb3g9IjAgMCAxMDgwIDU0MCIgeG1sbnM9Imh0dHA6Ly93d3cudzMub3JnLzIwMDAvc3ZnIj4KICAgIDxnIGZpbGw9Im5vbmUiIGZpbGwtcnVsZT0iZXZlbm9kZCI+CiAgICAgICAgPHBhdGggZmlsbD0iI0VCRUJFQiIgZD0iTTAgMGgxMDgwdjU0MEgweiIvPgogICAgICAgIDxwYXRoIGQ9Ik00NDUuNjQ5IDU0MGgtOTguOTk1TDE0NC42NDkgMzM3Ljk5NSAwIDQ4Mi42NDR2LTk4Ljk5NWwxMTYuMzY1LTExNi4zNjVjMTUuNjItMTUuNjIgNDAuOTQ3LTE1LjYyIDU2LjU2OCAwTDQ0NS42NSA1NDB6IiBmaWxsLW9wYWNpdHk9Ii4xIiBmaWxsPSIjMDAwIiBmaWxsLXJ1bGU9Im5vbnplcm8iLz4KICAgICAgICA8Y2lyY2xlIGZpbGwtb3BhY2l0eT0iLjA1IiBmaWxsPSIjMDAwIiBjeD0iMzMxIiBjeT0iMTQ4IiByPSI3MCIvPgogICAgICAgIDxwYXRoIGQ9Ik0xMDgwIDM3OXYxMTMuMTM3TDcyOC4xNjIgMTQwLjMgMzI4LjQ2MiA1NDBIMjE1LjMyNEw2OTkuODc4IDU1LjQ0NmMxNS42Mi0xNS42MiA0MC45NDgtMTUuNjIgNTYuNTY4IDBMMTA4MCAzNzl6IiBmaWxsLW9wYWNpdHk9Ii4yIiBmaWxsPSIjMDAwIiBmaWxsLXJ1bGU9Im5vbnplcm8iLz4KICAgIDwvZz4KPC9zdmc+Cg==&#8220; _builder_version=&#8220;4.16&#8243; _module_preset=&#8220;default&#8220; global_colors_info=&#8220;{}&#8220;]<\/p>\n<p>Hier wird dir erkl\u00e4rt, wie du mit Spielerhandel und anderen M\u00f6glichkeiten Geld verdienen kannst!<\/p>\n<p>[\/et_pb_blurb][\/et_pb_column][\/et_pb_row][\/et_pb_section]<\/p>\n","protected":false},"excerpt":{"rendered":"<p>GameplayErfolgreich Sorare spielen leicht gemacht &#8211; hier gibts das n\u00f6tige Gameplay-KnowhowDer Sorare EinstiegDer Einstieg bei Sorare soll dir so leicht wie m\u00f6glich fallen. Du kannst hier vorab schon mal einen Blick in das Gameplay werfen und herausfinden, wie die ersten Schritte aussehen. Damit wei\u00dft du was auf dich zukommt, welche Aktionen im Spiel wann auszuf\u00fchren [&hellip;]<\/p>\n","protected":false},"author":1,"featured_media":0,"parent":0,"menu_order":0,"comment_status":"closed","ping_status":"closed","template":"","meta":{"_et_pb_use_builder":"on","_et_pb_old_content":"","_et_gb_content_width":"","footnotes":""},"class_list":["post-398","page","type-page","status-publish","hentry"],"_links":{"self":[{"href":"https:\/\/sorare-explained.com\/de\/wp-json\/wp\/v2\/pages\/398","targetHints":{"allow":["GET"]}}],"collection":[{"href":"https:\/\/sorare-explained.com\/de\/wp-json\/wp\/v2\/pages"}],"about":[{"href":"https:\/\/sorare-explained.com\/de\/wp-json\/wp\/v2\/types\/page"}],"author":[{"embeddable":true,"href":"https:\/\/sorare-explained.com\/de\/wp-json\/wp\/v2\/users\/1"}],"replies":[{"embeddable":true,"href":"https:\/\/sorare-explained.com\/de\/wp-json\/wp\/v2\/comments?post=398"}],"version-history":[{"count":29,"href":"https:\/\/sorare-explained.com\/de\/wp-json\/wp\/v2\/pages\/398\/revisions"}],"predecessor-version":[{"id":1334,"href":"https:\/\/sorare-explained.com\/de\/wp-json\/wp\/v2\/pages\/398\/revisions\/1334"}],"wp:attachment":[{"href":"https:\/\/sorare-explained.com\/de\/wp-json\/wp\/v2\/media?parent=398"}],"curies":[{"name":"wp","href":"https:\/\/api.w.org\/{rel}","templated":true}]}}