{"id":400,"date":"2022-01-06T10:23:57","date_gmt":"2022-01-06T09:23:57","guid":{"rendered":"https:\/\/sorare-explained.de\/?page_id=400"},"modified":"2023-06-18T15:25:14","modified_gmt":"2023-06-18T13:25:14","slug":"tipps-tricks","status":"publish","type":"page","link":"https:\/\/sorare-explained.com\/de\/tipps-tricks\/","title":{"rendered":"Tipps &#038; Tricks"},"content":{"rendered":"<p>[et_pb_section fb_built=&#8220;1&#8243; theme_builder_area=&#8220;post_content&#8220; _builder_version=&#8220;4.21.0&#8243; _module_preset=&#8220;default&#8220; custom_margin=&#8220;||200px||false|false&#8220; hover_enabled=&#8220;0&#8243; sticky_enabled=&#8220;0&#8243;][et_pb_row _builder_version=&#8220;4.21.0&#8243; _module_preset=&#8220;default&#8220; theme_builder_area=&#8220;post_content&#8220; width_last_edited=&#8220;on|desktop&#8220; width=&#8220;40%&#8220; hover_enabled=&#8220;0&#8243; sticky_enabled=&#8220;0&#8243; width_tablet=&#8220;80%&#8220; width_phone=&#8220;90%&#8220;][et_pb_column _builder_version=&#8220;4.21.0&#8243; _module_preset=&#8220;default&#8220; type=&#8220;4_4&#8243; theme_builder_area=&#8220;post_content&#8220;][et_pb_text _builder_version=&#8220;4.21.0&#8243; _module_preset=&#8220;default&#8220; theme_builder_area=&#8220;post_content&#8220; hover_enabled=&#8220;0&#8243; sticky_enabled=&#8220;0&#8243;]<\/p>\n<h1>Tipps &amp; Tricks f\u00fcr Sorare<\/h1>\n<p>[\/et_pb_text][et_pb_icon _builder_version=&#8220;4.21.0&#8243; _module_preset=&#8220;default&#8220; theme_builder_area=&#8220;post_content&#8220; font_icon=&#8220;&#xf0ad;||fa||900&#8243; hover_enabled=&#8220;0&#8243; sticky_enabled=&#8220;0&#8243; custom_margin=&#8220;130px||||false|false&#8220; icon_color=&#8220;#0707FF&#8220; icon_width=&#8220;130px&#8220; custom_margin_last_edited=&#8220;on|phone&#8220; custom_margin_tablet=&#8220;80px||||false|false&#8220; custom_margin_phone=&#8220;40px||||false|false&#8220;][\/et_pb_icon][et_pb_text _builder_version=&#8220;4.21.0&#8243; _module_preset=&#8220;default&#8220; theme_builder_area=&#8220;post_content&#8220; hover_enabled=&#8220;0&#8243; sticky_enabled=&#8220;0&#8243; custom_padding=&#8220;||50px||false|false&#8220; custom_margin=&#8220;100px||||false|false&#8220; custom_margin_last_edited=&#8220;on|desktop&#8220; custom_margin_phone=&#8220;50px||||false|false&#8220; custom_margin_tablet=&#8220;100px||||false|false&#8220;]<\/p>\n<p>Tipps &amp; Tricks sind immer gut, um in einem Spiel besser abzuschneiden als andere. Diese Seite befindet sich momentan noch im Aufbau, weswegen es hier leider noch keine ausf\u00fchrlichen Beitr\u00e4ge gibt.<\/p>\n<p>Einen Tipp kann ich dir aber schon mal vorab mitgeben. Melde dich jetzt direkt \u00fcber den Button unten an und erhalte eine digitale Sammelkarte geschenkt, solange es das Angebot noch gibt!<\/p>\n<p>[\/et_pb_text][et_pb_button button_text=&#8220;Hole dir jetzt deine gratis digitale Sammelkarte&#8220; _builder_version=&#8220;4.21.0&#8243; _module_preset=&#8220;default&#8220; theme_builder_area=&#8220;post_content&#8220; button_alignment=&#8220;center&#8220; custom_button=&#8220;on&#8220; button_text_color=&#8220;#000247&#8243; button_bg_color=&#8220;#64FF60&#8243; button_bg_enable_color=&#8220;on&#8220; button_font=&#8220;|600||||on|||&#8220; hover_enabled=&#8220;0&#8243; sticky_enabled=&#8220;0&#8243; button_url=&#8220;https:\/\/sorare.pxf.io\/all&#8220;][\/et_pb_button][\/et_pb_column][\/et_pb_row][\/et_pb_section]<\/p>\n","protected":false},"excerpt":{"rendered":"<p>Tipps &amp; Tricks f\u00fcr SorareTipps &amp; Tricks sind immer gut, um in einem Spiel besser abzuschneiden als andere. Diese Seite befindet sich momentan noch im Aufbau, weswegen es hier leider noch keine ausf\u00fchrlichen Beitr\u00e4ge gibt. Einen Tipp kann ich dir aber schon mal vorab mitgeben. Melde dich jetzt direkt \u00fcber den Button unten an und [&hellip;]<\/p>\n","protected":false},"author":1,"featured_media":0,"parent":0,"menu_order":0,"comment_status":"closed","ping_status":"closed","template":"","meta":{"_et_pb_use_builder":"on","_et_pb_old_content":"","_et_gb_content_width":"","footnotes":""},"class_list":["post-400","page","type-page","status-publish","hentry"],"_links":{"self":[{"href":"https:\/\/sorare-explained.com\/de\/wp-json\/wp\/v2\/pages\/400","targetHints":{"allow":["GET"]}}],"collection":[{"href":"https:\/\/sorare-explained.com\/de\/wp-json\/wp\/v2\/pages"}],"about":[{"href":"https:\/\/sorare-explained.com\/de\/wp-json\/wp\/v2\/types\/page"}],"author":[{"embeddable":true,"href":"https:\/\/sorare-explained.com\/de\/wp-json\/wp\/v2\/users\/1"}],"replies":[{"embeddable":true,"href":"https:\/\/sorare-explained.com\/de\/wp-json\/wp\/v2\/comments?post=400"}],"version-history":[{"count":7,"href":"https:\/\/sorare-explained.com\/de\/wp-json\/wp\/v2\/pages\/400\/revisions"}],"predecessor-version":[{"id":1267,"href":"https:\/\/sorare-explained.com\/de\/wp-json\/wp\/v2\/pages\/400\/revisions\/1267"}],"wp:attachment":[{"href":"https:\/\/sorare-explained.com\/de\/wp-json\/wp\/v2\/media?parent=400"}],"curies":[{"name":"wp","href":"https:\/\/api.w.org\/{rel}","templated":true}]}}